{"id":11,"date":"2022-10-17T16:17:50","date_gmt":"2022-10-17T14:17:50","guid":{"rendered":"https:\/\/theaterhistoriographie.univie.ac.at\/?page_id=11"},"modified":"2025-05-23T12:30:44","modified_gmt":"2025-05-23T10:30:44","slug":"ueber-uns","status":"publish","type":"page","link":"https:\/\/theaterhistoriografie.net\/","title":{"rendered":"\u00dcber uns"},"content":{"rendered":"\n<p>Die Arbeitsgruppe f\u00fcr Theaterhistoriografie der Gesellschaft f\u00fcr Theaterwissenschaft e. V. wurde im Oktober 2000 in M\u00fcnchen konstituiert und z\u00e4hlt rund 40 Mitglieder. Sie widmet sich erstens einem gemeinsamen Projekt, das l\u00e4ngerfristig beforscht und schlie\u00dflich publiziert wird. Zweitens bietet sie ein Netzwerk f\u00fcr Doktorand*innen, die im Rahmen der Arbeitsgruppe ihre Dissertationsprojekte vorstellen und diskutieren k\u00f6nnen. Drittens versteht sich die Arbeitsgruppe als ein Forum, um sich wechselseitig \u00fcber Forschungsprojekte auszutauschen.<\/p>\n\n\n\n<p>Diese Website informiert \u00fcber die T\u00e4tigkeiten der Arbeitsgruppe. Die Einladung zu den Veranstaltungen erfolgt per E-Mail. Wir freuen uns \u00fcber neue Mitglieder aus allen Karrierestufen!<\/p>\n\n\n\n<p>\u25cb\u25cb\u25cb<\/p>\n\n\n\n<p>The working group for Theater Historiography of the Gesellschaft f\u00fcr Theaterwissenschaft e. V. was constituted in October 2000 in Munich and counts about 40 members. Firstly, it dedicates itself to a joint project, which is researched long-term and results in a publication. Secondly, it provides a network for doctoral students who present and discuss their projects within the framework of the group. Thirdly, the working group considers itself a forum for the mutual discussion of research projects.<\/p>\n\n\n\n<p>This website informs about the activities of the working group. Invitations to meetings and other events are sent by email. We are happy to welcome new members at all career levels!<\/p>\n\n\n\n<h5 class=\"wp-block-heading\">Kontakt\/Contact<\/h5>\n\n\n\n<p><a href=\"mailto:theresa.eisele@lmu.de\" data-type=\"mailto\" data-id=\"mailto:theresa.eisele@univie.ac.at\">\ud83d\udce7<\/a> Theresa Eisele (LMU M\u00fcnchen)<br><a aria-label=\"E-Mail an Lotte Sch\u00fc\u00dfler verfassen\" href=\"mailto:lotte.schuessler@hu-berlin.de\" data-type=\"mailto\" data-id=\"mailto:lotte.schuessler@hu-berlin.de\">\ud83d\udce7<\/a> Lotte Sch\u00fc\u00dfler (Humboldt-Universit\u00e4t zu Berlin)<\/p>\n\n\n\n<p><\/p>\n","protected":false},"excerpt":{"rendered":"<p>Die Arbeitsgruppe f\u00fcr Theaterhistoriografie der Gesellschaft f\u00fcr Theaterwissenschaft e. V. wurde im Oktober 2000 in M\u00fcnchen konstituiert und z\u00e4hlt rund 40 Mitglieder. Sie widmet sich erstens einem gemeinsamen Projekt, das l\u00e4ngerfristig beforscht und schlie\u00dflich publiziert wird. Zweitens bietet sie ein Netzwerk f\u00fcr Doktorand*innen, die im Rahmen der Arbeitsgruppe ihre Dissertationsprojekte vorstellen und diskutieren k\u00f6nnen. Drittens &hellip; <\/p>\n<p class=\"link-more\"><a href=\"https:\/\/theaterhistoriografie.net\/\" class=\"more-link\"><span class=\"screen-reader-text\">\u201e\u00dcber uns\u201c<\/span> weiterlesen<\/a><\/p>\n","protected":false},"author":3,"featured_media":0,"parent":0,"menu_order":11,"comment_status":"closed","ping_status":"closed","template":"","meta":{"footnotes":""},"class_list":["post-11","page","type-page","status-publish","hentry"],"_links":{"self":[{"href":"https:\/\/theaterhistoriografie.net\/index.php?rest_route=\/wp\/v2\/pages\/11","targetHints":{"allow":["GET"]}}],"collection":[{"href":"https:\/\/theaterhistoriografie.net\/index.php?rest_route=\/wp\/v2\/pages"}],"about":[{"href":"https:\/\/theaterhistoriografie.net\/index.php?rest_route=\/wp\/v2\/types\/page"}],"author":[{"embeddable":true,"href":"https:\/\/theaterhistoriografie.net\/index.php?rest_route=\/wp\/v2\/users\/3"}],"replies":[{"embeddable":true,"href":"https:\/\/theaterhistoriografie.net\/index.php?rest_route=%2Fwp%2Fv2%2Fcomments&post=11"}],"version-history":[{"count":21,"href":"https:\/\/theaterhistoriografie.net\/index.php?rest_route=\/wp\/v2\/pages\/11\/revisions"}],"predecessor-version":[{"id":1616,"href":"https:\/\/theaterhistoriografie.net\/index.php?rest_route=\/wp\/v2\/pages\/11\/revisions\/1616"}],"wp:attachment":[{"href":"https:\/\/theaterhistoriografie.net\/index.php?rest_route=%2Fwp%2Fv2%2Fmedia&parent=11"}],"curies":[{"name":"wp","href":"https:\/\/api.w.org\/{rel}","templated":true}]}}